{"id":8,"date":"2020-11-10T04:09:29","date_gmt":"2020-11-10T04:09:29","guid":{"rendered":"http:\/\/asesorescontablesyj.com\/?page_id=8"},"modified":"2023-06-14T15:22:50","modified_gmt":"2023-06-14T15:22:50","slug":"inicio","status":"publish","type":"page","link":"http:\/\/asesorescontablesyj.com\/","title":{"rendered":"inicio"},"content":{"rendered":"\n<section id=\"section-016bf56e-6207-4d2f-94ad-b445b42db068\" class=\"wp-block-gutentor-image-slider gutentor-section gutentor-image-slider imageSlider-template1\"><div class=\"gutentor-grid-item-wrap\"><div class=\"gutentor-slider-wrapper\" data-dots=\"true\" data-dots-tablet=\"false\" data-dots-mobile=\"false\" data-arrows=\"false\" data-arrows-tablet=\"false\" data-arrows-mobile=\"false\" data-infinite=\"true\" data-nextarrow=\"fas fa-angle-right\" data-prevarrow=\"fas fa-angle-left\" data-autoplay=\"true\" data-autoplayspeed=\"5000\" data-fade=\"false\" data-speed=\"1500\"><div class=\"gutentor-slider-item\"><div class=\"gutentor-single-item gutentor-single-item-0\"><div class=\"gutentor-single-item-wrap\"><div class=\"gutentor-single-item-image-box\"><div class=\"gutentor-bg-image\"><div class=\"overlay\"><\/div><\/div><\/div><div class=\"gutentor-single-item-content\"><div class=\"grid-container\"><div class=\"slider-caption text-left\"><h2 class=\"gutentor-single-item-title\">Ayudaremos a que<br>su negocio crezca<\/h2><\/div><\/div><\/div><\/div><\/div><\/div><div class=\"gutentor-slider-item\"><div class=\"gutentor-single-item gutentor-single-item-1\"><div class=\"gutentor-single-item-wrap\"><div class=\"gutentor-single-item-image-box\"><div class=\"gutentor-bg-image\"><div class=\"overlay\"><\/div><\/div><\/div><div class=\"gutentor-single-item-content\"><div class=\"grid-container\"><div class=\"slider-caption text-left\"><h2 class=\"gutentor-single-item-title\">Asesor\u00edas de calidad <br>Aliado estrat\u00e9gico<\/h2><\/div><\/div><\/div><\/div><\/div><\/div><\/div><\/div><\/section>\n\n\n\n<div style=\"height:100px\" aria-hidden=\"true\" class=\"wp-block-spacer\"><\/div>\n\n\n\n<section id=\"section-8c4af8b0-9244-458a-aeaa-6cc0a2d7e425\" class=\"wp-block-gutentor-image-box gutentor-section gutentor-image-wrapper imagebox-template1 has-color-bg has-custom-bg\"><div class=\"grid-container\"><div class=\"gutentor-block-header\"><div class=\"gutentor-section-title enable-title-design seperator-bottom text-center\"><h2 class=\"gutentor-title\"><span style=\"color:#0261a0\" class=\"has-inline-color\">Soluciones para agregarle valor a su empresa<\/span><\/h2><\/div><\/div><div class=\"grid-row gutentor-grid-item-wrap\"><div class=\"gutentor-grid-column grid-lg-4 grid-md-4 grid-12\"><div class=\"gutentor-single-item gutentor-image gutentor-single-item-0\"><div class=\"gutentor-single-item-wrap\"><div class=\"gutentor-single-item-image-box\"><div class=\"gutentor-image-thumb\"><img decoding=\"async\" class=\"normal-image\" src=\"https:\/\/www.demo.cosmoswp.com\/demo-3\/wp-content\/uploads\/sites\/4\/2019\/10\/computer-working-person-group-people-meeting-559565-pxhere.com-1.jpg\" alt=\"\"\/><\/div><\/div><div class=\"gutentor-single-item-content\"><h4 class=\"gutentor-single-item-title\">Finanzas<\/h4><p class=\"gutentor-single-item-desc\">Preparaci\u00f3n de estados financieros, evaluaci\u00f3n de control interno y toma de decisiones.<\/p><\/div><\/div><\/div><\/div><div class=\"gutentor-grid-column grid-lg-4 grid-md-4 grid-12\"><div class=\"gutentor-single-item gutentor-image gutentor-single-item-1\"><div class=\"gutentor-single-item-wrap\"><div class=\"gutentor-single-item-image-box\"><div class=\"gutentor-image-thumb\"><img decoding=\"async\" class=\"normal-image\" src=\"https:\/\/www.demo.cosmoswp.com\/demo-3\/wp-content\/uploads\/sites\/4\/2019\/10\/agreement-2548138_1920.jpg\" alt=\"\"\/><\/div><\/div><div class=\"gutentor-single-item-content\"><h4 class=\"gutentor-single-item-title\">Contabilidad<\/h4><p class=\"gutentor-single-item-desc\">Tr\u00e1mites en el Ministerio de Hacienda, Meic y otras entidades de gobierno. <\/p><\/div><\/div><\/div><\/div><div class=\"gutentor-grid-column grid-lg-4 grid-md-4 grid-12\"><div class=\"gutentor-single-item gutentor-image gutentor-single-item-2\"><div class=\"gutentor-single-item-wrap\"><div class=\"gutentor-single-item-image-box\"><div class=\"gutentor-image-thumb\"><img decoding=\"async\" class=\"normal-image\" src=\"https:\/\/www.demo.cosmoswp.com\/demo-3\/wp-content\/uploads\/sites\/4\/2019\/10\/after-work-american-bar-beard-bearded-blond-1452979-pxhere.com1_.jpg\" alt=\"\"\/><\/div><\/div><div class=\"gutentor-single-item-content\"><h4 class=\"gutentor-single-item-title\">Certificaciones<\/h4><p class=\"gutentor-single-item-desc\">Auditor\u00edas de movimientos de personas f\u00edsicas o jur\u00eddicas.<\/p><\/div><\/div><\/div><\/div><\/div><\/div><\/section>\n\n\n\n<figure class=\"wp-block-pullquote\" style=\"border-color:#b69d74\"><blockquote><p><span style=\"color:#0261a0\" class=\"has-inline-color\">&#8220;Nuestra misi\u00f3n es ser parte del crecimiento de nuestros clientes y convertirnos en su aliado estrat\u00e9gico para ofrecer soluciones que incrementen el valor de su empresa.&#8221;<\/span><\/p><cite><span style=\"color:#b69d74\" class=\"has-inline-color\">YOLANDA JIM\u00c9NEZ, FUNDADORA<\/span><\/cite><\/blockquote><\/figure>\n\n\n\n<section id=\"section-eca37ec3-1e56-483c-9603-286e87922c2b\" class=\"wp-block-gutentor-advanced-columns gutentor-section gutentor-advanced-columns has-image-bg has-custom-bg has-gutentor-overlay\"><div class=\"grid-container\"><div class=\"grid-row\">\n<div id=\"section-1a1ba0c7-4b47-4389-8e1a-4e61e1b5b541\" class=\"wp-block-gutentor-single-column gutentor-single-column  grid-lg-6 grid-md-12 grid-12\">\n<div id=\"section-6d998e51-6971-4e42-b2d7-62574e08c56e\" class=\"wp-block-gutentor-content-box gutentor-section gutentor-content-box-wrapper content-template1\"><div class=\"grid-container gutentor-rm-ct-space\"><div class=\"grid-row gutentor-grid-item-wrap gutentor-rm-row-space\"><div class=\"gutentor-grid-column grid-lg-12 grid-md-12 grid-12 gutentor-rm-col-space\"><div class=\"gutentor-single-item gutentor-single-item-0\"><div class=\"gutentor-single-item-wrap\"><div class=\"gutentor-single-item-content\"><h3 class=\"gutentor-single-item-title\">Estamos con usted <\/h3><p class=\"gutentor-single-item-desc\">Para hacer crecer a su empresa. Somos su aliado estrat\u00e9gico en cuanto a contabilidad, finanzas, asesor\u00edas, auditor\u00edas, certificaciones, etc. <\/p><\/div><\/div><\/div><\/div><\/div><\/div><\/div>\n\n\n\n<p><\/p>\n<\/div>\n\n\n\n<div id=\"section-c19ef7a2-c76a-4e8c-9cb7-2499a47c6ef9\" class=\"wp-block-gutentor-single-column gutentor-single-column  grid-lg-6 grid-md-12 grid-12\">\n<div id=\"section-9762e0c1-707d-4cf6-810c-feddc6682cfc\" class=\"wp-block-gutentor-counter-box gutentor-section gutentor-counter-wrapper counter-template3\"><div class=\"grid-container gutentor-rm-ct-space\"><div class=\"grid-row gutentor-grid-item-wrap\"><div class=\"gutentor-grid-column grid-lg-6 grid-md-6 grid-12\"><div class=\"gutentor-single-item gutentor-counter gutentor-single-item-0\"><div class=\"gutentor-single-item-wrap\"><div class=\"gutentor-single-item-icon-box\"><i class=\"fas fa-hourglass-half\"><\/i><\/div><div class=\"gutentor-single-item-content\"><h2 class=\"gutentor-single-item-number\" data-duration=\"2\" data-start=\"0\" data-end=\"12\"><\/h2><p class=\"gutentor-single-item-title\"><br>A\u00f1os de Experiencia <\/p><\/div><\/div><\/div><\/div><div class=\"gutentor-grid-column grid-lg-6 grid-md-6 grid-12\"><div class=\"gutentor-single-item gutentor-counter gutentor-single-item-1\"><div class=\"gutentor-single-item-wrap\"><div class=\"gutentor-single-item-icon-box\"><i class=\"fas fa-briefcase\"><\/i><\/div><div class=\"gutentor-single-item-content\"><h2 class=\"gutentor-single-item-number\" data-duration=\"2\" data-start=\"0\" data-end=\"56\"><\/h2><p class=\"gutentor-single-item-title\"><br>Empresas asesoradas<\/p><\/div><\/div><\/div><\/div><div class=\"gutentor-grid-column grid-lg-6 grid-md-6 grid-12\"><div class=\"gutentor-single-item gutentor-counter gutentor-single-item-2\"><div class=\"gutentor-single-item-wrap\"><div class=\"gutentor-single-item-icon-box\"><i class=\"fas fa-trophy\"><\/i><\/div><div class=\"gutentor-single-item-content\"><h2 class=\"gutentor-single-item-number\" data-duration=\"2\" data-start=\"0\" data-end=\"78\"><\/h2><p class=\"gutentor-single-item-title\"><br>Premios<\/p><\/div><\/div><\/div><\/div><div class=\"gutentor-grid-column grid-lg-6 grid-md-6 grid-12\"><div class=\"gutentor-single-item gutentor-counter gutentor-single-item-3\"><div class=\"gutentor-single-item-wrap\"><div class=\"gutentor-single-item-icon-box\"><i class=\"far fa-smile\"><\/i><\/div><div class=\"gutentor-single-item-content\"><h2 class=\"gutentor-single-item-number\" data-duration=\"2\" data-start=\"0\" data-end=\"170\"><\/h2><p class=\"gutentor-single-item-title\"><br>Clientes Felices<\/p><\/div><\/div><\/div><\/div><\/div><\/div><\/div>\n\n\n\n<p><\/p>\n<\/div>\n<\/div><\/div><\/section>\n\n\n\n<div style=\"height:50px\" aria-hidden=\"true\" class=\"wp-block-spacer\"><\/div>\n\n\n\n<section id=\"gma10c947\" class=\"wp-block-gutentor-m2 section-gma10c947 gutentor-module gutentor-dynamic-columns\"><div class=\"grid-container\"><div class=\"grid-row\">\n<div id=\"col-gm6c1d80\" class=\"wp-block-gutentor-m2-col col-gm6c1d80 gutentor-module gutentor-dynamic-single-column wow slideInUp grid-lg-4 grid-md-4 grid-12\" data-wow-animation=\"slideInUp\" data-wow-delay=\"\" data-wow-speed=\"\" data-wow-iteration=\"1\"><div id=\"section-gm6c1d80\" class=\"section-gm6c1d80 gutentor-single-col\">\n<section id=\"gmdb2f5f8\" class=\"wp-block-gutentor-m4 section-gmdb2f5f8 gutentor-module gutentor-advanced-columns\"><div class=\"grid-container gutentor-rm-ct-space\"><div class=\"grid-row\">\n<div id=\"col-gmaabe35\" class=\"wp-block-gutentor-m4-col col-gmaabe35 gutentor-single-column  grid-lg-3 grid-md-3 grid-3\"><div id=\"section-gmaabe35\" class=\"section-gmaabe35 gutentor-col-wrap\">\n<div id=\"section-g415996\" class=\"wp-block-gutentor-e5 section-g415996 gutentor-element gutentor-element-icon gutentor-icon-default text-align-center-mobile\"><div class=\"gutentor-element-icon-box\"><i class=\"far fa-map\"><\/i><\/div><\/div>\n<\/div><\/div>\n\n\n\n<div id=\"col-gmba4d30\" class=\"wp-block-gutentor-m4-col col-gmba4d30 gutentor-single-column  grid-lg-9 grid-md-9 grid-9\"><div id=\"section-gmba4d30\" class=\"section-gmba4d30 gutentor-col-wrap\">\n<div id=\"section-g6bd95e\" class=\"wp-block-gutentor-e0 section-g6bd95e gutentor-element gutentor-element-advanced-text\"><div class=\"gutentor-text-wrap\"><h3 class=\"gutentor-text\">Ubicaci\u00f3n<\/h3><\/div><\/div>\n\n\n\n<div id=\"section-g9b03ca\" class=\"wp-block-gutentor-e0 section-g9b03ca gutentor-element gutentor-element-advanced-text\"><div class=\"gutentor-text-wrap\"><p class=\"gutentor-text\">San Sebasti\u00e1n, San Jos\u00e9. Costa Rica.<\/p><\/div><\/div>\n<\/div><\/div>\n<\/div><\/div><\/section>\n<\/div><\/div>\n\n\n\n<div id=\"col-gma7e81b\" class=\"wp-block-gutentor-m2-col col-gma7e81b gutentor-module gutentor-dynamic-single-column wow slideInUp grid-lg-4 grid-md-4 grid-12\" data-wow-animation=\"slideInUp\" data-wow-delay=\"\" data-wow-speed=\"\" data-wow-iteration=\"1\"><div id=\"section-gma7e81b\" class=\"section-gma7e81b gutentor-single-col\">\n<section id=\"gm5d5073a\" class=\"wp-block-gutentor-m4 section-gm5d5073a gutentor-module gutentor-advanced-columns\"><div class=\"grid-container gutentor-rm-ct-space\"><div class=\"grid-row\">\n<div id=\"col-gm40023a\" class=\"wp-block-gutentor-m4-col col-gm40023a gutentor-single-column  grid-lg-3 grid-md-3 grid-3\"><div id=\"section-gm40023a\" class=\"section-gm40023a gutentor-col-wrap\">\n<div id=\"section-g9c7c0f\" class=\"wp-block-gutentor-e5 section-g9c7c0f gutentor-element gutentor-element-icon gutentor-icon-default text-align-center-mobile\"><div class=\"gutentor-element-icon-box\"><i class=\"far fa-envelope\"><\/i><\/div><\/div>\n<\/div><\/div>\n\n\n\n<div id=\"col-gmc96f93\" class=\"wp-block-gutentor-m4-col col-gmc96f93 gutentor-single-column  grid-lg-9 grid-md-9 grid-9\"><div id=\"section-gmc96f93\" class=\"section-gmc96f93 gutentor-col-wrap\">\n<div id=\"section-gcad9cd\" class=\"wp-block-gutentor-e0 section-gcad9cd gutentor-element gutentor-element-advanced-text\"><div class=\"gutentor-text-wrap\"><h3 class=\"gutentor-text\">Email<\/h3><\/div><\/div>\n\n\n\n<div id=\"section-gaa92f9\" class=\"wp-block-gutentor-e0 section-gaa92f9 gutentor-element gutentor-element-advanced-text\"><div class=\"gutentor-text-wrap\"><p class=\"gutentor-text\">yolanda@asesorescontablesyj.com<\/p><\/div><\/div>\n<\/div><\/div>\n<\/div><\/div><\/section>\n<\/div><\/div>\n\n\n\n<div id=\"col-gm298122\" class=\"wp-block-gutentor-m2-col col-gm298122 gutentor-module gutentor-dynamic-single-column wow slideInUp grid-lg-4 grid-md-4 grid-12\" data-wow-animation=\"slideInUp\" data-wow-delay=\"\" data-wow-speed=\"\" data-wow-iteration=\"1\"><div id=\"section-gm298122\" class=\"section-gm298122 gutentor-single-col\">\n<section id=\"gm26116ef\" class=\"wp-block-gutentor-m4 section-gm26116ef gutentor-module gutentor-advanced-columns\"><div class=\"grid-container gutentor-rm-ct-space\"><div class=\"grid-row\">\n<div id=\"col-gm8a00a0\" class=\"wp-block-gutentor-m4-col col-gm8a00a0 gutentor-single-column  grid-lg-3 grid-md-3 grid-3\"><div id=\"section-gm8a00a0\" class=\"section-gm8a00a0 gutentor-col-wrap\">\n<div id=\"section-g5454b5\" class=\"wp-block-gutentor-e5 section-g5454b5 gutentor-element gutentor-element-icon gutentor-icon-default text-align-center-mobile\"><div class=\"gutentor-element-icon-box\"><i class=\"fas fa-phone-volume\"><\/i><\/div><\/div>\n<\/div><\/div>\n\n\n\n<div id=\"col-gma9864e\" class=\"wp-block-gutentor-m4-col col-gma9864e gutentor-single-column  grid-lg-9 grid-md-9 grid-9\"><div id=\"section-gma9864e\" class=\"section-gma9864e gutentor-col-wrap\">\n<div id=\"section-g5f9cf2\" class=\"wp-block-gutentor-e0 section-g5f9cf2 gutentor-element gutentor-element-advanced-text\"><div class=\"gutentor-text-wrap\"><h3 class=\"gutentor-text\">Tel\u00e9fono<\/h3><\/div><\/div>\n\n\n\n<div id=\"section-g3c8d1d\" class=\"wp-block-gutentor-e0 section-g3c8d1d gutentor-element gutentor-element-advanced-text\"><div class=\"gutentor-text-wrap\"><p class=\"gutentor-text\">(506) 2227-6029<br>(506) 8843-5823<\/p><\/div><\/div>\n<\/div><\/div>\n<\/div><\/div><\/section>\n<\/div><\/div>\n<\/div><\/div><\/section>\n\n\n\n<div style=\"height:100px\" aria-hidden=\"true\" class=\"wp-block-spacer\"><\/div>\n\n\n\n<div style=\"height:100px\" aria-hidden=\"true\" class=\"wp-block-spacer\"><\/div>\n\n\n\n<section id=\"section-af6324f5-0c22-4328-b4c1-2815dba0cd78\" class=\"wp-block-gutentor-advanced-columns gutentor-section gutentor-advanced-columns\"><div class=\"grid-container\"><div class=\"grid-row\">\n<div id=\"section-fe6c7ad7-f522-47a4-8e93-a2d8968d5a4b\" class=\"wp-block-gutentor-single-column gutentor-single-column  grid-lg-8 grid-md-12 grid-12\">\n<div id=\"section-3705298f-29f2-4cd4-aef2-498015b47112\" class=\"wp-block-gutentor-icon-box gutentor-section gutentor-icon-wrapper icon-template1\"><div class=\"grid-container gutentor-rm-ct-space\"><div class=\"grid-row gutentor-grid-item-wrap gutentor-rm-row-space\"><div class=\"gutentor-grid-column grid-lg-6 grid-md-6 grid-12 gutentor-rm-col-space\"><div class=\"gutentor-single-item gutentor-icon gutentor-single-item-0\"><div class=\"gutentor-single-item-wrap\"><div class=\"gutentor-single-item-icon-box\"><i class=\"far fa-money-bill-alt\"><\/i><\/div><div class=\"gutentor-single-item-content\"><h4 class=\"gutentor-single-item-title\">Asesor\u00eda Financiera<\/h4><p class=\"gutentor-single-item-desc\">Damos el servicio de actualizar su ciclo contable para la elaboraci\u00f3n de: declaraciones, preparaci\u00f3n de estados financieros, evaluaci\u00f3n del control interno y toma de decisiones.<\/p><\/div><\/div><\/div><\/div><div class=\"gutentor-grid-column grid-lg-6 grid-md-6 grid-12 gutentor-rm-col-space\"><div class=\"gutentor-single-item gutentor-icon gutentor-single-item-1\"><div class=\"gutentor-single-item-wrap\"><div class=\"gutentor-single-item-icon-box\"><i class=\"fas fa-calculator\"><\/i><\/div><div class=\"gutentor-single-item-content\"><h4 class=\"gutentor-single-item-title\">Contabilidad<\/h4><p class=\"gutentor-single-item-desc\">Facturaci\u00f3n, planillas, presentaci\u00f3n de planillas a CCSS e Ins. <\/p><\/div><\/div><\/div><\/div><div class=\"gutentor-grid-column grid-lg-6 grid-md-6 grid-12 gutentor-rm-col-space\"><div class=\"gutentor-single-item gutentor-icon gutentor-single-item-2\"><div class=\"gutentor-single-item-wrap\"><div class=\"gutentor-single-item-icon-box\"><i class=\"fas fa-certificate\"><\/i><\/div><div class=\"gutentor-single-item-content\"><h4 class=\"gutentor-single-item-title\">Certificaciones<\/h4><p class=\"gutentor-single-item-desc\">Una peque\u00f1a auditor\u00eda de los movimientos de una persona f\u00edsica o jur\u00eddica que se requiere para presentar en entidades p\u00fablicas o privadas y pueden ser de ingresos, flujos proyectados, estados financieros, razones financieras, lucro cesante, y otras. <\/p><\/div><\/div><\/div><\/div><div class=\"gutentor-grid-column grid-lg-6 grid-md-6 grid-12 gutentor-rm-col-space\"><div class=\"gutentor-single-item gutentor-icon gutentor-single-item-3\"><div class=\"gutentor-single-item-wrap\"><div class=\"gutentor-single-item-icon-box\"><i class=\"fas fa-hand-holding-heart\"><\/i><\/div><div class=\"gutentor-single-item-content\"><h4 class=\"gutentor-single-item-title\">Asociaciones Solidaristas<\/h4><p class=\"gutentor-single-item-desc\">Confeccionamos los dict\u00e1menes de Reserva de Liquidez para presentar ante la SUGEF, revisi\u00f3n de Inversiones y Contabilidades. <\/p><\/div><\/div><\/div><\/div><\/div><\/div><\/div>\n<\/div>\n\n\n\n<div id=\"section-62a01105-ee20-4671-8c1a-d84bf2a43de6\" class=\"wp-block-gutentor-single-column gutentor-single-column  grid-lg-4 grid-md-12 grid-12 has-color-bg has-custom-bg\">\n<div id=\"section-6118ab2d-1546-4d5e-95e3-6425e2786455\" class=\"wp-block-gutentor-content-box gutentor-section gutentor-content-box-wrapper content-template1 has-color-bg has-custom-bg\"><div class=\"grid-container\"><div class=\"grid-row gutentor-grid-item-wrap\"><div class=\"gutentor-grid-column grid-lg-12 grid-md-12 grid-12\"><div class=\"gutentor-single-item gutentor-single-item-0\"><div class=\"gutentor-single-item-wrap\"><div class=\"gutentor-single-item-content\"><h4 class=\"gutentor-single-item-title\">Cont\u00e1ctenos<\/h4><p class=\"gutentor-single-item-desc\"> Por favor, llene el formulario de contacto.<\/p><\/div><\/div><\/div><\/div><\/div><\/div><\/div>\n\n\n\n<div id=\"section-4541c3dd-a96b-4c3e-b77b-b5cb9e2e4efd\" class=\"wp-block-gutentor-advanced-columns gutentor-section gutentor-advanced-columns has-color-bg has-custom-bg\"><div class=\"grid-container\"><div class=\"grid-row\">\n<div id=\"section-a14816f3-9c6a-4ec1-af0d-c876f6700c51\" class=\"wp-block-gutentor-single-column gutentor-single-column  grid-lg-12 grid-md-12 grid-12\">\n<div role=\"form\" class=\"wpcf7\" id=\"wpcf7-f18-o1\" lang=\"en-US\" dir=\"ltr\">\n<div class=\"screen-reader-response\"><p role=\"status\" aria-live=\"polite\" aria-atomic=\"true\"><\/p> <ul><\/ul><\/div>\n<form action=\"\/index.php?rest_route=%2Fwp%2Fv2%2Fpages%2F8#wpcf7-f18-o1\" method=\"post\" class=\"wpcf7-form init\" novalidate=\"novalidate\" data-status=\"init\">\n<div style=\"display: none;\">\n<input type=\"hidden\" name=\"_wpcf7\" value=\"18\" \/>\n<input type=\"hidden\" name=\"_wpcf7_version\" value=\"5.3\" \/>\n<input type=\"hidden\" name=\"_wpcf7_locale\" value=\"en_US\" \/>\n<input type=\"hidden\" name=\"_wpcf7_unit_tag\" value=\"wpcf7-f18-o1\" \/>\n<input type=\"hidden\" name=\"_wpcf7_container_post\" value=\"0\" \/>\n<input type=\"hidden\" name=\"_wpcf7_posted_data_hash\" value=\"\" \/>\n<\/div>\n<p><label> Nombre<br \/>\n    <span class=\"wpcf7-form-control-wrap your-name\"><input type=\"text\" name=\"your-name\" value=\"\" size=\"40\" class=\"wpcf7-form-control wpcf7-text wpcf7-validates-as-required\" aria-required=\"true\" aria-invalid=\"false\" \/><\/span> <\/label><\/p>\n<p><label> Correo electr\u00f3nico<br \/>\n    <span class=\"wpcf7-form-control-wrap your-email\"><input type=\"email\" name=\"your-email\" value=\"\" size=\"40\" class=\"wpcf7-form-control wpcf7-text wpcf7-email wpcf7-validates-as-required wpcf7-validates-as-email\" aria-required=\"true\" aria-invalid=\"false\" \/><\/span> <\/label><\/p>\n<p><label> Subject<br \/>\n    <span class=\"wpcf7-form-control-wrap your-subject\"><input type=\"text\" name=\"your-subject\" value=\"\" size=\"40\" class=\"wpcf7-form-control wpcf7-text wpcf7-validates-as-required\" aria-required=\"true\" aria-invalid=\"false\" \/><\/span> <\/label><\/p>\n<p><label> Su mensaje (opcional)<br \/>\n    <span class=\"wpcf7-form-control-wrap your-message\"><textarea name=\"your-message\" cols=\"40\" rows=\"10\" class=\"wpcf7-form-control wpcf7-textarea\" aria-invalid=\"false\"><\/textarea><\/span> <\/label><\/p>\n<p><input type=\"submit\" value=\"Enviar\" class=\"wpcf7-form-control wpcf7-submit\" \/><\/p>\n<div class=\"wpcf7-response-output\" aria-hidden=\"true\"><\/div><\/form><\/div>\n<\/div>\n<\/div><\/div><\/div>\n<\/div>\n<\/div><\/div><\/section>\n","protected":false},"excerpt":{"rendered":"<p>&#8220;Nuestra misi\u00f3n es ser parte del crecimiento de nuestros clientes y convertirnos en su aliado estrat\u00e9gico para ofrecer soluciones que incrementen el valor de su empresa.&#8221; YOLANDA JIM\u00c9NEZ, FUNDADORA<\/p>\n","protected":false},"author":1,"featured_media":0,"parent":0,"menu_order":0,"comment_status":"closed","ping_status":"closed","template":"template-gutentor-full-width.php","meta":[],"_links":{"self":[{"href":"http:\/\/asesorescontablesyj.com\/index.php?rest_route=\/wp\/v2\/pages\/8"}],"collection":[{"href":"http:\/\/asesorescontablesyj.com\/index.php?rest_route=\/wp\/v2\/pages"}],"about":[{"href":"http:\/\/asesorescontablesyj.com\/index.php?rest_route=\/wp\/v2\/types\/page"}],"author":[{"embeddable":true,"href":"http:\/\/asesorescontablesyj.com\/index.php?rest_route=\/wp\/v2\/users\/1"}],"replies":[{"embeddable":true,"href":"http:\/\/asesorescontablesyj.com\/index.php?rest_route=%2Fwp%2Fv2%2Fcomments&post=8"}],"version-history":[{"count":30,"href":"http:\/\/asesorescontablesyj.com\/index.php?rest_route=\/wp\/v2\/pages\/8\/revisions"}],"predecessor-version":[{"id":52,"href":"http:\/\/asesorescontablesyj.com\/index.php?rest_route=\/wp\/v2\/pages\/8\/revisions\/52"}],"wp:attachment":[{"href":"http:\/\/asesorescontablesyj.com\/index.php?rest_route=%2Fwp%2Fv2%2Fmedia&parent=8"}],"curies":[{"name":"wp","href":"https:\/\/api.w.org\/{rel}","templated":true}]}}